{"id":1617,"date":"2018-07-31T07:14:56","date_gmt":"2024-02-01T13:53:56","guid":{"rendered":"https:\/\/www.alfafilter.eu\/products\/uncategorized\/alfaklear-esteril\/"},"modified":"2024-02-01T13:53:56","modified_gmt":"2024-02-01T13:53:56","slug":"alfaklear-esteril","status":"publish","type":"product","link":"https:\/\/www.alfafilter.eu\/es\/products\/filtracion-de-procesos\/elementos-filtrantes-de-membrana-de-proceso\/alfaklear-esteril\/","title":{"rendered":"AlfaKlear est\u00e9ril"},"content":{"rendered":"","protected":false},"excerpt":{"rendered":"<h5 style=\"margin-bottom: 20px;\">Filtros de profundidad plisados con clasificaci\u00f3n absoluta<\/h5>\n<p>Una gama de filtros de cartucho de clasificaci\u00f3n absoluta de Alfafilter\u00ae , con los \u00faltimos avances en tecnolog\u00eda de medios filtrantes de polipropileno soplado por fusi\u00f3n, los cartuchos AlfaKlear se basan en una robusta construcci\u00f3n totalmente de polipropileno, que ofrece clasificaciones de eliminaci\u00f3n de 0,5 a 75 micras absolutas. La combinaci\u00f3n de hasta ocho capas de filtraci\u00f3n separadas proporciona una verdadera filtraci\u00f3n en profundidad, dentro de una construcci\u00f3n de cartucho plisado. Este dise\u00f1o reducir\u00e1 el ensuciamiento de la superficie del filtro causado por un amplio espectro de contaminantes.<\/p>\n<p>Los cartuchos AlfaKlear son ideales para la filtraci\u00f3n de fluidos de proceso que contienen contaminantes con una amplia gama de tama\u00f1os de part\u00edculas. El medio de polipropileno multicapa graduado proporciona una prefiltraci\u00f3n del fluido del proceso antes de la capa final de clasificaci\u00f3n absoluta.<\/p>\n<p>El dise\u00f1o exclusivo de los cartuchos AlfaKlear contribuye a reducir los costes de funcionamiento y la huella del proceso.<\/p>\n<p>Los AlfaKlear tambi\u00e9n son muy resistentes a los fallos de integridad causados por la esterilizaci\u00f3n con vapor y presentan excelentes caracter\u00edsticas de compatibilidad qu\u00edmica.<br \/>\nSon adecuados para aplicaciones que van desde la reducci\u00f3n de la carga biol\u00f3gica hasta la clarificaci\u00f3n de una amplia gama de l\u00edquidos de proceso y productos finales.<\/p>\n","protected":false},"featured_media":1618,"template":"","meta":[],"product_brand":[],"product_cat":[152,119],"product_tag":[],"class_list":{"0":"post-1617","1":"product","2":"type-product","3":"status-publish","4":"has-post-thumbnail","6":"product_cat-elementos-filtrantes-de-membrana-de-proceso","7":"product_cat-filtracion-de-procesos","9":"first","10":"instock","11":"shipping-taxable","12":"product-type-simple"},"yoast_head":"<!-- This site is optimized with the Yoast SEO plugin v27.4 - https:\/\/yoast.com\/product\/yoast-seo-wordpress\/ -->\n<title>AlfaKlear est\u00e9ril - Alfafilter<\/title>\n<meta name=\"robots\" content=\"index, follow, max-snippet:-1, max-image-preview:large, max-video-preview:-1\" \/>\n<link rel=\"canonical\" href=\"https:\/\/www.alfafilter.eu\/products\/uncategorized\/alfaklear-esteril\/\" \/>\n<meta property=\"og:locale\" content=\"es_ES\" \/>\n<meta property=\"og:type\" content=\"article\" \/>\n<meta property=\"og:title\" content=\"AlfaKlear est\u00e9ril - Alfafilter\" \/>\n<meta property=\"og:description\" content=\"Filtros de profundidad plisados con clasificaci\u00f3n absoluta Una gama de filtros de cartucho de clasificaci\u00f3n absoluta de Alfafilter\u00ae , con los \u00faltimos avances en tecnolog\u00eda de medios filtrantes de polipropileno soplado por fusi\u00f3n, los cartuchos AlfaKlear se basan en una robusta construcci\u00f3n totalmente de polipropileno, que ofrece clasificaciones de eliminaci\u00f3n de 0,5 a 75 micras absolutas. La combinaci\u00f3n de hasta ocho capas de filtraci\u00f3n separadas proporciona una verdadera filtraci\u00f3n en profundidad, dentro de una construcci\u00f3n de cartucho plisado. Este dise\u00f1o reducir\u00e1 el ensuciamiento de la superficie del filtro causado por un amplio espectro de contaminantes. Los cartuchos AlfaKlear son ideales para la filtraci\u00f3n de fluidos de proceso que contienen contaminantes con una amplia gama de tama\u00f1os de part\u00edculas. El medio de polipropileno multicapa graduado proporciona una prefiltraci\u00f3n del fluido del proceso antes de la capa final de clasificaci\u00f3n absoluta. El dise\u00f1o exclusivo de los cartuchos AlfaKlear contribuye a reducir los costes de funcionamiento y la huella del proceso. Los AlfaKlear tambi\u00e9n son muy resistentes a los fallos de integridad causados por la esterilizaci\u00f3n con vapor y presentan excelentes caracter\u00edsticas de compatibilidad qu\u00edmica. Son adecuados para aplicaciones que van desde la reducci\u00f3n de la carga biol\u00f3gica hasta la clarificaci\u00f3n de una amplia gama de l\u00edquidos de proceso y productos finales.\" \/>\n<meta property=\"og:url\" content=\"https:\/\/www.alfafilter.eu\/products\/uncategorized\/alfaklear-esteril\/\" \/>\n<meta property=\"og:site_name\" content=\"Alfafilter\" \/>\n<meta name=\"twitter:card\" content=\"summary_large_image\" \/>\n<script type=\"application\/ld+json\" class=\"yoast-schema-graph\">{\"@context\":\"https:\\\/\\\/schema.org\",\"@graph\":[{\"@type\":\"WebPage\",\"@id\":\"https:\\\/\\\/www.alfafilter.eu\\\/products\\\/uncategorized\\\/alfaklear-esteril\\\/\",\"url\":\"https:\\\/\\\/www.alfafilter.eu\\\/products\\\/uncategorized\\\/alfaklear-esteril\\\/\",\"name\":\"AlfaKlear est\u00e9ril - Alfafilter\",\"isPartOf\":{\"@id\":\"https:\\\/\\\/www.alfafilter.eu\\\/#website\"},\"primaryImageOfPage\":{\"@id\":\"https:\\\/\\\/www.alfafilter.eu\\\/products\\\/uncategorized\\\/alfaklear-esteril\\\/#primaryimage\"},\"image\":{\"@id\":\"https:\\\/\\\/www.alfafilter.eu\\\/products\\\/uncategorized\\\/alfaklear-esteril\\\/#primaryimage\"},\"thumbnailUrl\":\"https:\\\/\\\/www.alfafilter.eu\\\/wp-content\\\/uploads\\\/2018\\\/07\\\/Process-membrane-filter-elements-AlfaKlear.png\",\"datePublished\":\"2024-02-01T13:53:56+00:00\",\"breadcrumb\":{\"@id\":\"https:\\\/\\\/www.alfafilter.eu\\\/products\\\/uncategorized\\\/alfaklear-esteril\\\/#breadcrumb\"},\"inLanguage\":\"es\",\"potentialAction\":[{\"@type\":\"ReadAction\",\"target\":[\"https:\\\/\\\/www.alfafilter.eu\\\/products\\\/uncategorized\\\/alfaklear-esteril\\\/\"]}]},{\"@type\":\"ImageObject\",\"inLanguage\":\"es\",\"@id\":\"https:\\\/\\\/www.alfafilter.eu\\\/products\\\/uncategorized\\\/alfaklear-esteril\\\/#primaryimage\",\"url\":\"https:\\\/\\\/www.alfafilter.eu\\\/wp-content\\\/uploads\\\/2018\\\/07\\\/Process-membrane-filter-elements-AlfaKlear.png\",\"contentUrl\":\"https:\\\/\\\/www.alfafilter.eu\\\/wp-content\\\/uploads\\\/2018\\\/07\\\/Process-membrane-filter-elements-AlfaKlear.png\",\"width\":800,\"height\":800},{\"@type\":\"BreadcrumbList\",\"@id\":\"https:\\\/\\\/www.alfafilter.eu\\\/products\\\/uncategorized\\\/alfaklear-esteril\\\/#breadcrumb\",\"itemListElement\":[{\"@type\":\"ListItem\",\"position\":1,\"name\":\"Home\",\"item\":\"https:\\\/\\\/www.alfafilter.eu\\\/es\\\/\"},{\"@type\":\"ListItem\",\"position\":2,\"name\":\"Shop\",\"item\":\"https:\\\/\\\/www.alfafilter.eu\\\/shop\\\/\"},{\"@type\":\"ListItem\",\"position\":3,\"name\":\"AlfaKlear est\u00e9ril\"}]},{\"@type\":\"WebSite\",\"@id\":\"https:\\\/\\\/www.alfafilter.eu\\\/#website\",\"url\":\"https:\\\/\\\/www.alfafilter.eu\\\/\",\"name\":\"Alfafilter\",\"description\":\"Alternative filter elements &amp; more\",\"potentialAction\":[{\"@type\":\"SearchAction\",\"target\":{\"@type\":\"EntryPoint\",\"urlTemplate\":\"https:\\\/\\\/www.alfafilter.eu\\\/?s={search_term_string}\"},\"query-input\":{\"@type\":\"PropertyValueSpecification\",\"valueRequired\":true,\"valueName\":\"search_term_string\"}}],\"inLanguage\":\"es\"}]}<\/script>\n<!-- \/ Yoast SEO plugin. -->","yoast_head_json":{"title":"AlfaKlear est\u00e9ril - Alfafilter","robots":{"index":"index","follow":"follow","max-snippet":"max-snippet:-1","max-image-preview":"max-image-preview:large","max-video-preview":"max-video-preview:-1"},"canonical":"https:\/\/www.alfafilter.eu\/products\/uncategorized\/alfaklear-esteril\/","og_locale":"es_ES","og_type":"article","og_title":"AlfaKlear est\u00e9ril - Alfafilter","og_description":"Filtros de profundidad plisados con clasificaci\u00f3n absoluta Una gama de filtros de cartucho de clasificaci\u00f3n absoluta de Alfafilter\u00ae , con los \u00faltimos avances en tecnolog\u00eda de medios filtrantes de polipropileno soplado por fusi\u00f3n, los cartuchos AlfaKlear se basan en una robusta construcci\u00f3n totalmente de polipropileno, que ofrece clasificaciones de eliminaci\u00f3n de 0,5 a 75 micras absolutas. La combinaci\u00f3n de hasta ocho capas de filtraci\u00f3n separadas proporciona una verdadera filtraci\u00f3n en profundidad, dentro de una construcci\u00f3n de cartucho plisado. Este dise\u00f1o reducir\u00e1 el ensuciamiento de la superficie del filtro causado por un amplio espectro de contaminantes. Los cartuchos AlfaKlear son ideales para la filtraci\u00f3n de fluidos de proceso que contienen contaminantes con una amplia gama de tama\u00f1os de part\u00edculas. El medio de polipropileno multicapa graduado proporciona una prefiltraci\u00f3n del fluido del proceso antes de la capa final de clasificaci\u00f3n absoluta. El dise\u00f1o exclusivo de los cartuchos AlfaKlear contribuye a reducir los costes de funcionamiento y la huella del proceso. Los AlfaKlear tambi\u00e9n son muy resistentes a los fallos de integridad causados por la esterilizaci\u00f3n con vapor y presentan excelentes caracter\u00edsticas de compatibilidad qu\u00edmica. Son adecuados para aplicaciones que van desde la reducci\u00f3n de la carga biol\u00f3gica hasta la clarificaci\u00f3n de una amplia gama de l\u00edquidos de proceso y productos finales.","og_url":"https:\/\/www.alfafilter.eu\/products\/uncategorized\/alfaklear-esteril\/","og_site_name":"Alfafilter","twitter_card":"summary_large_image","schema":{"@context":"https:\/\/schema.org","@graph":[{"@type":"WebPage","@id":"https:\/\/www.alfafilter.eu\/products\/uncategorized\/alfaklear-esteril\/","url":"https:\/\/www.alfafilter.eu\/products\/uncategorized\/alfaklear-esteril\/","name":"AlfaKlear est\u00e9ril - Alfafilter","isPartOf":{"@id":"https:\/\/www.alfafilter.eu\/#website"},"primaryImageOfPage":{"@id":"https:\/\/www.alfafilter.eu\/products\/uncategorized\/alfaklear-esteril\/#primaryimage"},"image":{"@id":"https:\/\/www.alfafilter.eu\/products\/uncategorized\/alfaklear-esteril\/#primaryimage"},"thumbnailUrl":"https:\/\/www.alfafilter.eu\/wp-content\/uploads\/2018\/07\/Process-membrane-filter-elements-AlfaKlear.png","datePublished":"2024-02-01T13:53:56+00:00","breadcrumb":{"@id":"https:\/\/www.alfafilter.eu\/products\/uncategorized\/alfaklear-esteril\/#breadcrumb"},"inLanguage":"es","potentialAction":[{"@type":"ReadAction","target":["https:\/\/www.alfafilter.eu\/products\/uncategorized\/alfaklear-esteril\/"]}]},{"@type":"ImageObject","inLanguage":"es","@id":"https:\/\/www.alfafilter.eu\/products\/uncategorized\/alfaklear-esteril\/#primaryimage","url":"https:\/\/www.alfafilter.eu\/wp-content\/uploads\/2018\/07\/Process-membrane-filter-elements-AlfaKlear.png","contentUrl":"https:\/\/www.alfafilter.eu\/wp-content\/uploads\/2018\/07\/Process-membrane-filter-elements-AlfaKlear.png","width":800,"height":800},{"@type":"BreadcrumbList","@id":"https:\/\/www.alfafilter.eu\/products\/uncategorized\/alfaklear-esteril\/#breadcrumb","itemListElement":[{"@type":"ListItem","position":1,"name":"Home","item":"https:\/\/www.alfafilter.eu\/es\/"},{"@type":"ListItem","position":2,"name":"Shop","item":"https:\/\/www.alfafilter.eu\/shop\/"},{"@type":"ListItem","position":3,"name":"AlfaKlear est\u00e9ril"}]},{"@type":"WebSite","@id":"https:\/\/www.alfafilter.eu\/#website","url":"https:\/\/www.alfafilter.eu\/","name":"Alfafilter","description":"Alternative filter elements &amp; more","potentialAction":[{"@type":"SearchAction","target":{"@type":"EntryPoint","urlTemplate":"https:\/\/www.alfafilter.eu\/?s={search_term_string}"},"query-input":{"@type":"PropertyValueSpecification","valueRequired":true,"valueName":"search_term_string"}}],"inLanguage":"es"}]}},"_links":{"self":[{"href":"https:\/\/www.alfafilter.eu\/es\/wp-json\/wp\/v2\/product\/1617","targetHints":{"allow":["GET"]}}],"collection":[{"href":"https:\/\/www.alfafilter.eu\/es\/wp-json\/wp\/v2\/product"}],"about":[{"href":"https:\/\/www.alfafilter.eu\/es\/wp-json\/wp\/v2\/types\/product"}],"wp:featuredmedia":[{"embeddable":true,"href":"https:\/\/www.alfafilter.eu\/es\/wp-json\/wp\/v2\/media\/1618"}],"wp:attachment":[{"href":"https:\/\/www.alfafilter.eu\/es\/wp-json\/wp\/v2\/media?parent=1617"}],"wp:term":[{"taxonomy":"product_brand","embeddable":true,"href":"https:\/\/www.alfafilter.eu\/es\/wp-json\/wp\/v2\/product_brand?post=1617"},{"taxonomy":"product_cat","embeddable":true,"href":"https:\/\/www.alfafilter.eu\/es\/wp-json\/wp\/v2\/product_cat?post=1617"},{"taxonomy":"product_tag","embeddable":true,"href":"https:\/\/www.alfafilter.eu\/es\/wp-json\/wp\/v2\/product_tag?post=1617"}],"curies":[{"name":"wp","href":"https:\/\/api.w.org\/{rel}","templated":true}]}}